{"id":30,"date":"2017-06-27T07:54:29","date_gmt":"2017-06-27T07:54:29","guid":{"rendered":"https:\/\/rosewood.ancorathemes.com\/?page_id=30"},"modified":"2021-11-05T06:22:58","modified_gmt":"2021-11-05T06:22:58","slug":"about-2","status":"publish","type":"page","link":"https:\/\/opg-pejic.hr\/?page_id=30","title":{"rendered":"O nama"},"content":{"rendered":"<p>[vc_row][vc_column][vc_empty_space alter_height=&#8221;huge&#8221; hide_on_desktop=&#8221;&#8221; hide_on_notebook=&#8221;&#8221; hide_on_tablet=&#8221;&#8221; hide_on_mobile=&#8221;&#8221;]<div id=\"sc_title_1567072061\"\r\n\t\tclass=\"sc_title color_style_default sc_title_default\"><h6 class=\"sc_item_subtitle sc_title_subtitle sc_align_left sc_item_title_style_default\">OPG Peji\u0107 Damir<\/h6><h2 class=\"sc_item_title sc_title_title sc_align_left sc_item_title_style_default sc_item_title_tag\">Na\u0161a pri\u010da<\/h2><div class=\"sc_item_descr sc_title_descr sc_align_left\"><p>Obiteljsko poljoprivredno gospodarstvo Peji\u0107 Damir upisano je u Upisnik poljoprivrednika od 2015.<br \/>\ngodine. Sjedi\u0161te OPG-a nalazi se u mjestu Zarilac, podru\u010dje Grada Pleternice.<\/p>\n<p>Mi sa stra\u0161\u0107u radimo na proizvodnji hrane najvi\u0161e kvalitete koriste\u0107i znanja i u skladu sa prirodom.<br \/>\nZa nas je rad na prirodan na\u010din svakodnevna praksa a na na\u0161im poljima mo\u017eete prona\u0107i od p\u0161enice, kukuruza pa do lupinastog vo\u0107a. <\/p>\n<p>Na\u0161 OPG vrlo ozbiljno shva\u0107a zahtjeve na\u0161ih kupaca te svakodnevno stje\u010demo povjerenje prepoznatljivo\u0161\u0107u na\u0161eg kvalitetnog pristupa. <\/p>\n<p>S na\u0161om mehanizacijom pru\u017eamo i usluge sijanja, oranja ili prijevoza ostalim OPG-ovima i drugim klijentima.<\/p>\n<\/div><\/div><!-- \/.sc_title -->[vc_empty_space alter_height=&#8221;small&#8221; hide_on_desktop=&#8221;&#8221; hide_on_notebook=&#8221;&#8221; hide_on_tablet=&#8221;&#8221; hide_on_mobile=&#8221;&#8221;][vc_single_image image=&#8221;317&#8243; img_size=&#8221;full&#8221; alignment=&#8221;center&#8221;][\/vc_column][\/vc_row]<\/p>\n","protected":false},"excerpt":{"rendered":"<p>[vc_row][vc_column][vc_empty_space alter_height=&#8221;huge&#8221; hide_on_desktop=&#8221;&#8221; hide_on_notebook=&#8221;&#8221; hide_on_tablet=&#8221;&#8221; hide_on_mobile=&#8221;&#8221;][vc_empty_space alter_height=&#8221;small&#8221; hide_on_desktop=&#8221;&#8221; hide_on_notebook=&#8221;&#8221; hide_on_tablet=&#8221;&#8221; hide_on_mobile=&#8221;&#8221;][vc_single_image image=&#8221;317&#8243; img_size=&#8221;full&#8221; alignment=&#8221;center&#8221;][\/vc_column][\/vc_row]<\/p>\n","protected":false},"author":1,"featured_media":0,"parent":0,"menu_order":0,"comment_status":"closed","ping_status":"closed","template":"","meta":{"footnotes":""},"class_list":["post-30","page","type-page","status-publish","hentry"],"yoast_head":"<!-- This site is optimized with the Yoast SEO plugin v17.3 - https:\/\/yoast.com\/wordpress\/plugins\/seo\/ -->\n<title>O nama - OPG Peji\u0107 Damir<\/title>\n<meta name=\"robots\" content=\"index, follow, max-snippet:-1, max-image-preview:large, max-video-preview:-1\" \/>\n<link rel=\"canonical\" href=\"https:\/\/opg-pejic.hr\/?page_id=30\" \/>\n<meta property=\"og:locale\" content=\"hr_HR\" \/>\n<meta property=\"og:type\" content=\"article\" \/>\n<meta property=\"og:title\" content=\"O nama - OPG Peji\u0107 Damir\" \/>\n<meta property=\"og:description\" content=\"[vc_row][vc_column][vc_empty_space alter_height=&#8221;huge&#8221; hide_on_desktop=&#8221;&#8221; hide_on_notebook=&#8221;&#8221; hide_on_tablet=&#8221;&#8221; hide_on_mobile=&#8221;&#8221;][vc_empty_space alter_height=&#8221;small&#8221; hide_on_desktop=&#8221;&#8221; hide_on_notebook=&#8221;&#8221; hide_on_tablet=&#8221;&#8221; hide_on_mobile=&#8221;&#8221;][vc_single_image image=&#8221;317&#8243; img_size=&#8221;full&#8221; alignment=&#8221;center&#8221;][\/vc_column][\/vc_row]\" \/>\n<meta property=\"og:url\" content=\"https:\/\/opg-pejic.hr\/?page_id=30\" \/>\n<meta property=\"og:site_name\" content=\"OPG Peji\u0107 Damir\" \/>\n<meta property=\"article:modified_time\" content=\"2021-11-05T06:22:58+00:00\" \/>\n<meta name=\"twitter:card\" content=\"summary_large_image\" \/>\n<meta name=\"twitter:label1\" content=\"Procijenjeno vrijeme \u010ditanja\" \/>\n\t<meta name=\"twitter:data1\" content=\"1 minuta\" \/>\n<script type=\"application\/ld+json\" class=\"yoast-schema-graph\">{\"@context\":\"https:\/\/schema.org\",\"@graph\":[{\"@type\":\"WebSite\",\"@id\":\"https:\/\/opg-pejic.hr\/#website\",\"url\":\"https:\/\/opg-pejic.hr\/\",\"name\":\"OPG Peji\\u0107 Damir\",\"description\":\"Obiteljsko poljoprivredno gospodarstvo\",\"potentialAction\":[{\"@type\":\"SearchAction\",\"target\":{\"@type\":\"EntryPoint\",\"urlTemplate\":\"https:\/\/opg-pejic.hr\/?s={search_term_string}\"},\"query-input\":\"required name=search_term_string\"}],\"inLanguage\":\"hr\"},{\"@type\":\"WebPage\",\"@id\":\"https:\/\/opg-pejic.hr\/?page_id=30#webpage\",\"url\":\"https:\/\/opg-pejic.hr\/?page_id=30\",\"name\":\"O nama - OPG Peji\\u0107 Damir\",\"isPartOf\":{\"@id\":\"https:\/\/opg-pejic.hr\/#website\"},\"datePublished\":\"2017-06-27T07:54:29+00:00\",\"dateModified\":\"2021-11-05T06:22:58+00:00\",\"breadcrumb\":{\"@id\":\"https:\/\/opg-pejic.hr\/?page_id=30#breadcrumb\"},\"inLanguage\":\"hr\",\"potentialAction\":[{\"@type\":\"ReadAction\",\"target\":[\"https:\/\/opg-pejic.hr\/?page_id=30\"]}]},{\"@type\":\"BreadcrumbList\",\"@id\":\"https:\/\/opg-pejic.hr\/?page_id=30#breadcrumb\",\"itemListElement\":[{\"@type\":\"ListItem\",\"position\":1,\"name\":\"Po\\u010detna stranica\",\"item\":\"https:\/\/opg-pejic.hr\/\"},{\"@type\":\"ListItem\",\"position\":2,\"name\":\"O nama\"}]}]}<\/script>\n<!-- \/ Yoast SEO plugin. -->","yoast_head_json":{"title":"O nama - OPG Peji\u0107 Damir","robots":{"index":"index","follow":"follow","max-snippet":"max-snippet:-1","max-image-preview":"max-image-preview:large","max-video-preview":"max-video-preview:-1"},"canonical":"https:\/\/opg-pejic.hr\/?page_id=30","og_locale":"hr_HR","og_type":"article","og_title":"O nama - OPG Peji\u0107 Damir","og_description":"[vc_row][vc_column][vc_empty_space alter_height=&#8221;huge&#8221; hide_on_desktop=&#8221;&#8221; hide_on_notebook=&#8221;&#8221; hide_on_tablet=&#8221;&#8221; hide_on_mobile=&#8221;&#8221;][vc_empty_space alter_height=&#8221;small&#8221; hide_on_desktop=&#8221;&#8221; hide_on_notebook=&#8221;&#8221; hide_on_tablet=&#8221;&#8221; hide_on_mobile=&#8221;&#8221;][vc_single_image image=&#8221;317&#8243; img_size=&#8221;full&#8221; alignment=&#8221;center&#8221;][\/vc_column][\/vc_row]","og_url":"https:\/\/opg-pejic.hr\/?page_id=30","og_site_name":"OPG Peji\u0107 Damir","article_modified_time":"2021-11-05T06:22:58+00:00","twitter_card":"summary_large_image","twitter_misc":{"Procijenjeno vrijeme \u010ditanja":"1 minuta"},"schema":{"@context":"https:\/\/schema.org","@graph":[{"@type":"WebSite","@id":"https:\/\/opg-pejic.hr\/#website","url":"https:\/\/opg-pejic.hr\/","name":"OPG Peji\u0107 Damir","description":"Obiteljsko poljoprivredno gospodarstvo","potentialAction":[{"@type":"SearchAction","target":{"@type":"EntryPoint","urlTemplate":"https:\/\/opg-pejic.hr\/?s={search_term_string}"},"query-input":"required name=search_term_string"}],"inLanguage":"hr"},{"@type":"WebPage","@id":"https:\/\/opg-pejic.hr\/?page_id=30#webpage","url":"https:\/\/opg-pejic.hr\/?page_id=30","name":"O nama - OPG Peji\u0107 Damir","isPartOf":{"@id":"https:\/\/opg-pejic.hr\/#website"},"datePublished":"2017-06-27T07:54:29+00:00","dateModified":"2021-11-05T06:22:58+00:00","breadcrumb":{"@id":"https:\/\/opg-pejic.hr\/?page_id=30#breadcrumb"},"inLanguage":"hr","potentialAction":[{"@type":"ReadAction","target":["https:\/\/opg-pejic.hr\/?page_id=30"]}]},{"@type":"BreadcrumbList","@id":"https:\/\/opg-pejic.hr\/?page_id=30#breadcrumb","itemListElement":[{"@type":"ListItem","position":1,"name":"Po\u010detna stranica","item":"https:\/\/opg-pejic.hr\/"},{"@type":"ListItem","position":2,"name":"O nama"}]}]}},"_links":{"self":[{"href":"https:\/\/opg-pejic.hr\/index.php?rest_route=\/wp\/v2\/pages\/30","targetHints":{"allow":["GET"]}}],"collection":[{"href":"https:\/\/opg-pejic.hr\/index.php?rest_route=\/wp\/v2\/pages"}],"about":[{"href":"https:\/\/opg-pejic.hr\/index.php?rest_route=\/wp\/v2\/types\/page"}],"author":[{"embeddable":true,"href":"https:\/\/opg-pejic.hr\/index.php?rest_route=\/wp\/v2\/users\/1"}],"replies":[{"embeddable":true,"href":"https:\/\/opg-pejic.hr\/index.php?rest_route=%2Fwp%2Fv2%2Fcomments&post=30"}],"version-history":[{"count":8,"href":"https:\/\/opg-pejic.hr\/index.php?rest_route=\/wp\/v2\/pages\/30\/revisions"}],"predecessor-version":[{"id":1024,"href":"https:\/\/opg-pejic.hr\/index.php?rest_route=\/wp\/v2\/pages\/30\/revisions\/1024"}],"wp:attachment":[{"href":"https:\/\/opg-pejic.hr\/index.php?rest_route=%2Fwp%2Fv2%2Fmedia&parent=30"}],"curies":[{"name":"wp","href":"https:\/\/api.w.org\/{rel}","templated":true}]}}