{"id":848,"date":"2021-11-02T12:14:33","date_gmt":"2021-11-02T12:14:33","guid":{"rendered":"https:\/\/opg-pejic.hr\/?page_id=848"},"modified":"2021-11-05T08:21:44","modified_gmt":"2021-11-05T08:21:44","slug":"mjera-6-3-1","status":"publish","type":"page","link":"https:\/\/opg-pejic.hr\/?page_id=848","title":{"rendered":"Mjera 6.2.1"},"content":{"rendered":"<p>NAZIV PROJEKTA:<br \/>\nUsluge u poljoprivredi OPG Peji\u0107<\/p>\n<p>OPIS PROJEKTA:<\/p>\n<p>Predmet projekta je kupnja poljoprivredne mehanizacije prikolice, pluga te sija\u010dice kojima \u0107e se pru\u017eati usluge u poljoprivredi uz postoje\u0107i traktor. Ovim projektom pokrenut \u0107e se nova diversificirana djelatnost &#8211; pru\u017eanje usluga poljoprivrednom mehanizacijom. Projekt je osmi\u0161ljen s namjerom da doprinese ostvarenju cilja &#8211; uspostavi nove djelatnosti uz stvaranje novog radnog mjesta. Potencijalni korisnici usluga su poljoprivrednici kojima je potrebna ovakva vrsta usluge, a istra\u017eivanjem tr\u017ei\u0161ta uvidjeli smo potrebu za istim budu\u0107i da \u017eivimo u ruralnom podru\u010dju gdje je poljoprivreda prete\u017eita djelatnost. Nova diversificirana djelatnost direktno utje\u010de na pove\u0107anje dodatne vrijednosti OPG-a Peji\u0107 Damir. Rezultati projekta u kona\u010dnici biti \u0107e novo radno mjesto te pove\u0107an \u017eivotni standard obiteljskog poljoprivrednog gospodarstva.<\/p>\n<p>AKTIVNOSTI:<br \/>\n&#8211; kupnja nove prikolice<br \/>\n&#8211; kupnja novog pluga<br \/>\n&#8211; kupnja nove \u017eitne sija\u010dice<br \/>\n&#8211; kupnja nove sija\u010dice za kukuruz<\/p>\n<p>VRIJEDNOST PROJEKTA:<br \/>\n50.000,00 Eura<\/p>\n<p><span data-mce-type=\"bookmark\" style=\"display: inline-block; width: 0px; overflow: hidden; line-height: 0;\" class=\"mce_SELRES_start\">\ufeff<\/span><\/p>\n","protected":false},"excerpt":{"rendered":"<p>NAZIV PROJEKTA: Usluge u poljoprivredi OPG Peji\u0107 OPIS PROJEKTA: Predmet projekta je kupnja poljoprivredne mehanizacije prikolice, pluga te sija\u010dice kojima \u0107e se pru\u017eati usluge u poljoprivredi uz postoje\u0107i traktor. Ovim projektom pokrenut \u0107e se nova diversificirana djelatnost &#8211; pru\u017eanje usluga poljoprivrednom mehanizacijom. Projekt je&hellip;<\/p>\n","protected":false},"author":1,"featured_media":0,"parent":0,"menu_order":0,"comment_status":"closed","ping_status":"closed","template":"","meta":{"footnotes":""},"class_list":["post-848","page","type-page","status-publish","hentry"],"yoast_head":"<!-- This site is optimized with the Yoast SEO plugin v17.3 - https:\/\/yoast.com\/wordpress\/plugins\/seo\/ -->\n<title>Mjera 6.2.1 - OPG Peji\u0107 Damir<\/title>\n<meta name=\"robots\" content=\"index, follow, max-snippet:-1, max-image-preview:large, max-video-preview:-1\" \/>\n<link rel=\"canonical\" href=\"https:\/\/opg-pejic.hr\/?page_id=848\" \/>\n<meta property=\"og:locale\" content=\"hr_HR\" \/>\n<meta property=\"og:type\" content=\"article\" \/>\n<meta property=\"og:title\" content=\"Mjera 6.2.1 - OPG Peji\u0107 Damir\" \/>\n<meta property=\"og:description\" content=\"NAZIV PROJEKTA: Usluge u poljoprivredi OPG Peji\u0107 OPIS PROJEKTA: Predmet projekta je kupnja poljoprivredne mehanizacije prikolice, pluga te sija\u010dice kojima \u0107e se pru\u017eati usluge u poljoprivredi uz postoje\u0107i traktor. Ovim projektom pokrenut \u0107e se nova diversificirana djelatnost &#8211; pru\u017eanje usluga poljoprivrednom mehanizacijom. Projekt je&hellip;\" \/>\n<meta property=\"og:url\" content=\"https:\/\/opg-pejic.hr\/?page_id=848\" \/>\n<meta property=\"og:site_name\" content=\"OPG Peji\u0107 Damir\" \/>\n<meta property=\"article:modified_time\" content=\"2021-11-05T08:21:44+00:00\" \/>\n<meta name=\"twitter:card\" content=\"summary_large_image\" \/>\n<meta name=\"twitter:label1\" content=\"Procijenjeno vrijeme \u010ditanja\" \/>\n\t<meta name=\"twitter:data1\" content=\"1 minuta\" \/>\n<script type=\"application\/ld+json\" class=\"yoast-schema-graph\">{\"@context\":\"https:\/\/schema.org\",\"@graph\":[{\"@type\":\"WebSite\",\"@id\":\"https:\/\/opg-pejic.hr\/#website\",\"url\":\"https:\/\/opg-pejic.hr\/\",\"name\":\"OPG Peji\\u0107 Damir\",\"description\":\"Obiteljsko poljoprivredno gospodarstvo\",\"potentialAction\":[{\"@type\":\"SearchAction\",\"target\":{\"@type\":\"EntryPoint\",\"urlTemplate\":\"https:\/\/opg-pejic.hr\/?s={search_term_string}\"},\"query-input\":\"required name=search_term_string\"}],\"inLanguage\":\"hr\"},{\"@type\":\"WebPage\",\"@id\":\"https:\/\/opg-pejic.hr\/?page_id=848#webpage\",\"url\":\"https:\/\/opg-pejic.hr\/?page_id=848\",\"name\":\"Mjera 6.2.1 - OPG Peji\\u0107 Damir\",\"isPartOf\":{\"@id\":\"https:\/\/opg-pejic.hr\/#website\"},\"datePublished\":\"2021-11-02T12:14:33+00:00\",\"dateModified\":\"2021-11-05T08:21:44+00:00\",\"breadcrumb\":{\"@id\":\"https:\/\/opg-pejic.hr\/?page_id=848#breadcrumb\"},\"inLanguage\":\"hr\",\"potentialAction\":[{\"@type\":\"ReadAction\",\"target\":[\"https:\/\/opg-pejic.hr\/?page_id=848\"]}]},{\"@type\":\"BreadcrumbList\",\"@id\":\"https:\/\/opg-pejic.hr\/?page_id=848#breadcrumb\",\"itemListElement\":[{\"@type\":\"ListItem\",\"position\":1,\"name\":\"Po\\u010detna stranica\",\"item\":\"https:\/\/opg-pejic.hr\/\"},{\"@type\":\"ListItem\",\"position\":2,\"name\":\"Mjera 6.2.1\"}]}]}<\/script>\n<!-- \/ Yoast SEO plugin. -->","yoast_head_json":{"title":"Mjera 6.2.1 - OPG Peji\u0107 Damir","robots":{"index":"index","follow":"follow","max-snippet":"max-snippet:-1","max-image-preview":"max-image-preview:large","max-video-preview":"max-video-preview:-1"},"canonical":"https:\/\/opg-pejic.hr\/?page_id=848","og_locale":"hr_HR","og_type":"article","og_title":"Mjera 6.2.1 - OPG Peji\u0107 Damir","og_description":"NAZIV PROJEKTA: Usluge u poljoprivredi OPG Peji\u0107 OPIS PROJEKTA: Predmet projekta je kupnja poljoprivredne mehanizacije prikolice, pluga te sija\u010dice kojima \u0107e se pru\u017eati usluge u poljoprivredi uz postoje\u0107i traktor. Ovim projektom pokrenut \u0107e se nova diversificirana djelatnost &#8211; pru\u017eanje usluga poljoprivrednom mehanizacijom. Projekt je&hellip;","og_url":"https:\/\/opg-pejic.hr\/?page_id=848","og_site_name":"OPG Peji\u0107 Damir","article_modified_time":"2021-11-05T08:21:44+00:00","twitter_card":"summary_large_image","twitter_misc":{"Procijenjeno vrijeme \u010ditanja":"1 minuta"},"schema":{"@context":"https:\/\/schema.org","@graph":[{"@type":"WebSite","@id":"https:\/\/opg-pejic.hr\/#website","url":"https:\/\/opg-pejic.hr\/","name":"OPG Peji\u0107 Damir","description":"Obiteljsko poljoprivredno gospodarstvo","potentialAction":[{"@type":"SearchAction","target":{"@type":"EntryPoint","urlTemplate":"https:\/\/opg-pejic.hr\/?s={search_term_string}"},"query-input":"required name=search_term_string"}],"inLanguage":"hr"},{"@type":"WebPage","@id":"https:\/\/opg-pejic.hr\/?page_id=848#webpage","url":"https:\/\/opg-pejic.hr\/?page_id=848","name":"Mjera 6.2.1 - OPG Peji\u0107 Damir","isPartOf":{"@id":"https:\/\/opg-pejic.hr\/#website"},"datePublished":"2021-11-02T12:14:33+00:00","dateModified":"2021-11-05T08:21:44+00:00","breadcrumb":{"@id":"https:\/\/opg-pejic.hr\/?page_id=848#breadcrumb"},"inLanguage":"hr","potentialAction":[{"@type":"ReadAction","target":["https:\/\/opg-pejic.hr\/?page_id=848"]}]},{"@type":"BreadcrumbList","@id":"https:\/\/opg-pejic.hr\/?page_id=848#breadcrumb","itemListElement":[{"@type":"ListItem","position":1,"name":"Po\u010detna stranica","item":"https:\/\/opg-pejic.hr\/"},{"@type":"ListItem","position":2,"name":"Mjera 6.2.1"}]}]}},"_links":{"self":[{"href":"https:\/\/opg-pejic.hr\/index.php?rest_route=\/wp\/v2\/pages\/848","targetHints":{"allow":["GET"]}}],"collection":[{"href":"https:\/\/opg-pejic.hr\/index.php?rest_route=\/wp\/v2\/pages"}],"about":[{"href":"https:\/\/opg-pejic.hr\/index.php?rest_route=\/wp\/v2\/types\/page"}],"author":[{"embeddable":true,"href":"https:\/\/opg-pejic.hr\/index.php?rest_route=\/wp\/v2\/users\/1"}],"replies":[{"embeddable":true,"href":"https:\/\/opg-pejic.hr\/index.php?rest_route=%2Fwp%2Fv2%2Fcomments&post=848"}],"version-history":[{"count":5,"href":"https:\/\/opg-pejic.hr\/index.php?rest_route=\/wp\/v2\/pages\/848\/revisions"}],"predecessor-version":[{"id":1029,"href":"https:\/\/opg-pejic.hr\/index.php?rest_route=\/wp\/v2\/pages\/848\/revisions\/1029"}],"wp:attachment":[{"href":"https:\/\/opg-pejic.hr\/index.php?rest_route=%2Fwp%2Fv2%2Fmedia&parent=848"}],"curies":[{"name":"wp","href":"https:\/\/api.w.org\/{rel}","templated":true}]}}